{"id":4,"date":"2024-06-11T11:34:27","date_gmt":"2024-06-11T11:34:27","guid":{"rendered":"https:\/\/sillavacia.com.co\/?page_id=4"},"modified":"2024-08-20T17:55:16","modified_gmt":"2024-08-20T17:55:16","slug":"home","status":"publish","type":"page","link":"https:\/\/estoescalive.com\/","title":{"rendered":"Home"},"content":{"rendered":"\t\t<div data-elementor-type=\"wp-page\" data-elementor-id=\"4\" class=\"elementor elementor-4\" data-elementor-post-type=\"page\">\n\t\t\t\t<div class=\"elementor-element elementor-element-f627355 e-flex e-con-boxed e-con e-parent\" data-id=\"f627355\" data-element_type=\"container\">\n\t\t\t\t\t<div class=\"e-con-inner\">\n\t\t\t\t<div class=\"elementor-element elementor-element-4c3721a elementor-widget elementor-widget-heading\" data-id=\"4c3721a\" data-element_type=\"widget\" data-widget_type=\"heading.default\">\n\t\t\t\t<div class=\"elementor-widget-container\">\n\t\t\t\t\t<h2 class=\"elementor-heading-title elementor-size-default\">Ultimas noticias<\/h2>\t\t\t\t<\/div>\n\t\t\t\t<\/div>\n\t\t\t\t<div class=\"elementor-element elementor-element-368fbf6 elementor-widget elementor-widget-mfn_blog_news\" data-id=\"368fbf6\" data-element_type=\"widget\" data-widget_type=\"mfn_blog_news.default\">\n\t\t\t\t<div class=\"elementor-widget-container\">\n\t\t\t\t\t<div class=\"Latest_news featured\"><ul class=\"ul-first\"><li class=\"post-433 post type-post status-publish format-standard has-post-thumbnail hentry category-noticias-del-valle category-cali category-ultima-hora tag-avenida-canasgordas tag-cali tag-dilianfranciscatoro tag-jamundi tag-valledelcauca\"><div class=\"photo\"><a href=\"https:\/\/estoescalive.com\/?p=433\"><img fetchpriority=\"high\" decoding=\"async\" width=\"960\" height=\"750\" src=\"https:\/\/estoescalive.com\/wp-content\/uploads\/2026\/01\/WEB-ESTO-ES-CALI-VE-81-960x750.png\" class=\"scale-with-grid wp-post-image\" alt=\"\" srcset=\"https:\/\/estoescalive.com\/wp-content\/uploads\/2026\/01\/WEB-ESTO-ES-CALI-VE-81-960x750.png 960w, https:\/\/estoescalive.com\/wp-content\/uploads\/2026\/01\/WEB-ESTO-ES-CALI-VE-81-1280x1000.png 1280w\" sizes=\"(max-width:767px) 480px, (max-width:960px) 100vw, 960px\" \/><\/a><\/div><div class=\"desc\"><h4><a href=\"https:\/\/estoescalive.com\/?p=433\">A paso firme avanza la segunda calzada de la Avenida Ca\u00f1asgordas entre Cali y Jamund\u00ed<\/a><\/h4><div class=\"desc_footer\"><span class=\"date\"><i class=\"icon-clock\" aria-label=\"published\"><\/i> enero 9, 2026<\/span><i class=\"icon-comment-empty-fa\" aria-label=\"comments number\"><\/i> <a href=\"https:\/\/estoescalive.com\/?p=433#respond\" class=\"post-comments\">0<\/a><div class=\"button-love\"><a href=\"#\" class=\"mfn-love \" data-id=\"433\"><span class=\"icons-wrapper\"><i class=\"icon-heart-empty-fa\"><\/i><i class=\"icon-heart-fa\"><\/i><\/span><span class=\"label\">0<\/span><\/a><\/div><\/div><\/div><\/li><\/ul><ul class=\"ul-second\"><li class=\"post-427 post type-post status-publish format-standard has-post-thumbnail hentry category-judicial category-noticias-del-valle category-ultima-hora tag-duvalier-sanchez tag-gustavo-petro tag-valledelcauca\"><div class=\"photo\"><a href=\"https:\/\/estoescalive.com\/?p=427\"><img decoding=\"async\" width=\"960\" height=\"750\" src=\"https:\/\/estoescalive.com\/wp-content\/uploads\/2026\/01\/WEB-ESTO-ES-CALI-VE-79-960x750.png\" class=\"scale-with-grid wp-post-image\" alt=\"\" srcset=\"https:\/\/estoescalive.com\/wp-content\/uploads\/2026\/01\/WEB-ESTO-ES-CALI-VE-79-960x750.png 960w, https:\/\/estoescalive.com\/wp-content\/uploads\/2026\/01\/WEB-ESTO-ES-CALI-VE-79-1280x1000.png 1280w\" sizes=\"(max-width:767px) 480px, (max-width:960px) 100vw, 960px\" \/><\/a><\/div><div class=\"desc\"><h5><a href=\"https:\/\/estoescalive.com\/?p=427\">Duvalier S\u00e1nchez, entre la furia en redes y la docilidad diplom\u00e1tica con Trump<\/a><\/h5><div class=\"desc_footer\"><span class=\"date\"><i class=\"icon-clock\" aria-label=\"published\"><\/i> enero 8, 2026<\/span><i class=\"icon-comment-empty-fa\" aria-label=\"comments number\"><\/i> <a href=\"https:\/\/estoescalive.com\/?p=427#respond\" class=\"post-comments\">0<\/a><div class=\"button-love\"><a href=\"#\" class=\"mfn-love \" data-id=\"427\"><span class=\"icons-wrapper\"><i class=\"icon-heart-empty-fa\"><\/i><i class=\"icon-heart-fa\"><\/i><\/span><span class=\"label\">0<\/span><\/a><\/div><\/div><\/div><\/li><li class=\"post-430 post type-post status-publish format-standard has-post-thumbnail hentry category-noticias-del-valle category-ultima-hora tag-dilianfranciscatoro tag-valledelcauca\"><div class=\"photo\"><a href=\"https:\/\/estoescalive.com\/?p=430\"><img decoding=\"async\" width=\"960\" height=\"750\" src=\"https:\/\/estoescalive.com\/wp-content\/uploads\/2026\/01\/WEB-ESTO-ES-CALI-VE-80-960x750.png\" class=\"scale-with-grid wp-post-image\" alt=\"\" srcset=\"https:\/\/estoescalive.com\/wp-content\/uploads\/2026\/01\/WEB-ESTO-ES-CALI-VE-80-960x750.png 960w, https:\/\/estoescalive.com\/wp-content\/uploads\/2026\/01\/WEB-ESTO-ES-CALI-VE-80-1280x1000.png 1280w\" sizes=\"(max-width:767px) 480px, (max-width:960px) 100vw, 960px\" \/><\/a><\/div><div class=\"desc\"><h5><a href=\"https:\/\/estoescalive.com\/?p=430\">Valle del Cauca logra hitos hist\u00f3ricos en salud: cae la mortalidad materna, cero muertes por dengue y Pradera libre de malaria<\/a><\/h5><div class=\"desc_footer\"><span class=\"date\"><i class=\"icon-clock\" aria-label=\"published\"><\/i> enero 7, 2026<\/span><i class=\"icon-comment-empty-fa\" aria-label=\"comments number\"><\/i> <a href=\"https:\/\/estoescalive.com\/?p=430#respond\" class=\"post-comments\">0<\/a><div class=\"button-love\"><a href=\"#\" class=\"mfn-love \" data-id=\"430\"><span class=\"icons-wrapper\"><i class=\"icon-heart-empty-fa\"><\/i><i class=\"icon-heart-fa\"><\/i><\/span><span class=\"label\">0<\/span><\/a><\/div><\/div><\/div><\/li><li class=\"post-424 post type-post status-publish format-standard has-post-thumbnail hentry category-noticias-del-valle category-ultima-hora tag-dilianfranciscatoro tag-gobernacion-del-valle tag-obras-por-impuestos tag-valledelcauca\"><div class=\"photo\"><a href=\"https:\/\/estoescalive.com\/?p=424\"><img loading=\"lazy\" decoding=\"async\" width=\"960\" height=\"750\" src=\"https:\/\/estoescalive.com\/wp-content\/uploads\/2026\/01\/WEB-ESTO-ES-CALI-VE-78-960x750.png\" class=\"scale-with-grid wp-post-image\" alt=\"\" srcset=\"https:\/\/estoescalive.com\/wp-content\/uploads\/2026\/01\/WEB-ESTO-ES-CALI-VE-78-960x750.png 960w, https:\/\/estoescalive.com\/wp-content\/uploads\/2026\/01\/WEB-ESTO-ES-CALI-VE-78-1280x1000.png 1280w\" sizes=\"(max-width:767px) 480px, (max-width:960px) 100vw, 960px\" \/><\/a><\/div><div class=\"desc\"><h5><a href=\"https:\/\/estoescalive.com\/?p=424\">Obras por Impuestos: el Valle convierte los tributos empresariales en desarrollo para las comunidades<\/a><\/h5><div class=\"desc_footer\"><span class=\"date\"><i class=\"icon-clock\" aria-label=\"published\"><\/i> enero 5, 2026<\/span><i class=\"icon-comment-empty-fa\" aria-label=\"comments number\"><\/i> <a href=\"https:\/\/estoescalive.com\/?p=424#respond\" class=\"post-comments\">0<\/a><div class=\"button-love\"><a href=\"#\" class=\"mfn-love \" data-id=\"424\"><span class=\"icons-wrapper\"><i class=\"icon-heart-empty-fa\"><\/i><i class=\"icon-heart-fa\"><\/i><\/span><span class=\"label\">0<\/span><\/a><\/div><\/div><\/div><\/li><li class=\"post-414 post type-post status-publish format-standard has-post-thumbnail hentry category-noticias-del-valle category-ultima-hora tag-digicampus tag-dilianfranciscatoro tag-valledelcauca\"><div class=\"photo\"><a href=\"https:\/\/estoescalive.com\/?p=414\"><img loading=\"lazy\" decoding=\"async\" width=\"960\" height=\"750\" src=\"https:\/\/estoescalive.com\/wp-content\/uploads\/2025\/12\/WEB-ESTO-ES-CALI-VE-75-960x750.png\" class=\"scale-with-grid wp-post-image\" alt=\"\" srcset=\"https:\/\/estoescalive.com\/wp-content\/uploads\/2025\/12\/WEB-ESTO-ES-CALI-VE-75-960x750.png 960w, https:\/\/estoescalive.com\/wp-content\/uploads\/2025\/12\/WEB-ESTO-ES-CALI-VE-75-1280x1000.png 1280w\" sizes=\"(max-width:767px) 480px, (max-width:960px) 100vw, 960px\" \/><\/a><\/div><div class=\"desc\"><h5><a href=\"https:\/\/estoescalive.com\/?p=414\">DigiCampus ampl\u00eda inscripciones y refuerza la apuesta del Valle del Cauca por la educaci\u00f3n y la profesionalizaci\u00f3n de los j\u00f3venes<\/a><\/h5><div class=\"desc_footer\"><span class=\"date\"><i class=\"icon-clock\" aria-label=\"published\"><\/i> diciembre 29, 2025<\/span><i class=\"icon-comment-empty-fa\" aria-label=\"comments number\"><\/i> <a href=\"https:\/\/estoescalive.com\/?p=414#respond\" class=\"post-comments\">0<\/a><div class=\"button-love\"><a href=\"#\" class=\"mfn-love \" data-id=\"414\"><span class=\"icons-wrapper\"><i class=\"icon-heart-empty-fa\"><\/i><i class=\"icon-heart-fa\"><\/i><\/span><span class=\"label\">0<\/span><\/a><\/div><\/div><\/div><\/li><\/ul><\/div>\n\t\t\t\t<\/div>\n\t\t\t\t<\/div>\n\t\t\t\t\t<\/div>\n\t\t\t\t<\/div>\n\t\t\t\t<\/div>\n\t\t","protected":false},"excerpt":{"rendered":"<p>Ultimas noticias Kylian Mbapp\u00e9 finalmente se une al Real Madrid junio 11, 2024 00 Nueva herramienta contra el acoso en l\u00ednea junio 11, 2024 00 141<span class=\"excerpt-hellip\"> [\u2026]<\/span><\/p>\n","protected":false},"author":1,"featured_media":0,"parent":0,"menu_order":0,"comment_status":"closed","ping_status":"closed","template":"elementor_header_footer","meta":{"footnotes":""},"class_list":["post-4","page","type-page","status-publish","hentry"],"_links":{"self":[{"href":"https:\/\/estoescalive.com\/index.php?rest_route=\/wp\/v2\/pages\/4","targetHints":{"allow":["GET"]}}],"collection":[{"href":"https:\/\/estoescalive.com\/index.php?rest_route=\/wp\/v2\/pages"}],"about":[{"href":"https:\/\/estoescalive.com\/index.php?rest_route=\/wp\/v2\/types\/page"}],"author":[{"embeddable":true,"href":"https:\/\/estoescalive.com\/index.php?rest_route=\/wp\/v2\/users\/1"}],"replies":[{"embeddable":true,"href":"https:\/\/estoescalive.com\/index.php?rest_route=%2Fwp%2Fv2%2Fcomments&post=4"}],"version-history":[{"count":64,"href":"https:\/\/estoescalive.com\/index.php?rest_route=\/wp\/v2\/pages\/4\/revisions"}],"predecessor-version":[{"id":120,"href":"https:\/\/estoescalive.com\/index.php?rest_route=\/wp\/v2\/pages\/4\/revisions\/120"}],"wp:attachment":[{"href":"https:\/\/estoescalive.com\/index.php?rest_route=%2Fwp%2Fv2%2Fmedia&parent=4"}],"curies":[{"name":"wp","href":"https:\/\/api.w.org\/{rel}","templated":true}]}}